{"id":5101,"date":"2016-07-26T16:42:42","date_gmt":"2016-07-26T16:42:42","guid":{"rendered":"https:\/\/www.gallerycarrile.es\/blog-zapatos-marca\/?page_id=5101"},"modified":"2016-07-26T16:42:42","modified_gmt":"2016-07-26T16:42:42","slug":"politica-privacidad","status":"publish","type":"page","link":"https:\/\/www.gallerycarrile.es\/blog-zapatos-marca\/politica-privacidad\/","title":{"rendered":"Pol\u00edtica de Privacidad"},"content":{"rendered":"En cumplimiento de lo establecido en la Ley Org\u00e1nica 15\/1999, de 13 de diciembre, de Protecci\u00f3n de Datos de Car\u00e1cter Personal, Vernice Argento S.L. y empresas del grupo, informa a sus clientes de que cuantos datos personales le faciliten ser\u00e1n incluidos en un fichero automatizado de datos de car\u00e1cter personal, creado y mantenido bajo la responsabilidad de\u00a0Vernice Argento S.L.\u00a0La finalidad de dicho fichero es facilitar la tramitaci\u00f3n de los pedidos\r\n\r\nEl Cliente consiente expresamente que\u00a0Vernice Argento S.L.\u00a0le env\u00ede comunicaciones publicitarias o promocionales por cualquier medio de comunicaci\u00f3n electr\u00f3nica de productos o servicios de la propia compa\u00f1\u00eda, de empresas del Grupo, situadas en Espa\u00f1a o en el extranjero, o de terceros que intervengan en la prestaci\u00f3n de servicios de valor a\u00f1adido. Este consentimiento del Cliente tiene siempre car\u00e1cter revocable, sin efectos retroactivos conforme a lo dispuesto en la normativa de Protecci\u00f3n de Datos Personales. Vernice Argento S.L. garantiza la seguridad y confidencialidad de los datos facilitados. De este modo, se compromete al cumplimiento de su obligaci\u00f3n de secreto de los datos de car\u00e1cter personal y de su deber de guardarlos y adoptar todas las medidas necesarias para evitar su alteraci\u00f3n, p\u00e9rdida, tratamiento o uso no autorizado. Por lo tanto, toda la informaci\u00f3n sobre nuestros clientes no ser\u00e1 utilizada con prop\u00f3sitos comerciales ni ser\u00e1 cedida a terceros.\r\n\r\nLos clientes de\u00a0Vernice Argento S.L.\u00a0podr\u00e1n en todo momento ejercitar los derechos de acceso, rectificaci\u00f3n, cancelaci\u00f3n y oposici\u00f3n, comunic\u00e1ndolo por escrito a nuestra direcci\u00f3n de correo electr\u00f3nico info@gallerycarrile.es o por escrito a Gallery Carrile, C\/ Madre Vedruna n\u00ba 2, 50008 Zaragoza. Vernice Argento S.L. se reserva el derecho de modificar su pol\u00edtica de privacidad de acuerdo a su criterio, o a causa de un cambio legislativo, jurisprudencial o en la pr\u00e1ctica empresarial. Si Vernice Argento S.L. o empresas del grupo, introdujera alguna modificaci\u00f3n, el nuevo texto ser\u00e1 publicado en este mismo sitio web, donde el Usuario podr\u00e1 tener conocimiento de la pol\u00edtica de privacidad actual de Vernice Argento S.L. En cualquier caso, la relaci\u00f3n con los usuarios se regir\u00e1 por las normas previstas en el momento preciso en que se accede al sitio web.","protected":false},"excerpt":{"rendered":"<p>En cumplimiento de lo establecido en la Ley Org\u00e1nica 15\/1999, de 13 de diciembre, de Protecci\u00f3n de Datos de Car\u00e1cter Personal, Vernice Argento S.L. y empresas del grupo, informa a sus clientes de que cuantos datos personales le faciliten ser\u00e1n incluidos en un fichero automatizado de datos de car\u00e1cter personal, creado y mantenido bajo la [&hellip;]<\/p>\n","protected":false},"author":4,"featured_media":0,"parent":0,"menu_order":0,"comment_status":"closed","ping_status":"closed","template":"","meta":{"footnotes":""},"yoast_head":"<!-- This site is optimized with the Yoast SEO plugin v21.4 - https:\/\/yoast.com\/wordpress\/plugins\/seo\/ -->\n<title>Pol\u00edtica de Privacidad - Zapatos de marca Gallery Carrile<\/title>\n<meta name=\"robots\" content=\"index, follow, max-snippet:-1, max-image-preview:large, max-video-preview:-1\" \/>\n<link rel=\"canonical\" href=\"https:\/\/www.gallerycarrile.es\/blog-zapatos-marca\/politica-privacidad\/\" \/>\n<meta property=\"og:locale\" content=\"es_ES\" \/>\n<meta property=\"og:type\" content=\"article\" \/>\n<meta property=\"og:title\" content=\"Pol\u00edtica de Privacidad - Zapatos de marca Gallery Carrile\" \/>\n<meta property=\"og:description\" content=\"En cumplimiento de lo establecido en la Ley Org\u00e1nica 15\/1999, de 13 de diciembre, de Protecci\u00f3n de Datos de Car\u00e1cter Personal, Vernice Argento S.L. y empresas del grupo, informa a sus clientes de que cuantos datos personales le faciliten ser\u00e1n incluidos en un fichero automatizado de datos de car\u00e1cter personal, creado y mantenido bajo la [&hellip;]\" \/>\n<meta property=\"og:url\" content=\"https:\/\/www.gallerycarrile.es\/blog-zapatos-marca\/politica-privacidad\/\" \/>\n<meta property=\"og:site_name\" content=\"Zapatos de marca Gallery Carrile\" \/>\n<meta name=\"twitter:card\" content=\"summary_large_image\" \/>\n<meta name=\"twitter:label1\" content=\"Tiempo de lectura\" \/>\n\t<meta name=\"twitter:data1\" content=\"2 minutos\" \/>\n<script type=\"application\/ld+json\" class=\"yoast-schema-graph\">{\"@context\":\"https:\/\/schema.org\",\"@graph\":[{\"@type\":\"WebPage\",\"@id\":\"https:\/\/www.gallerycarrile.es\/blog-zapatos-marca\/politica-privacidad\/\",\"url\":\"https:\/\/www.gallerycarrile.es\/blog-zapatos-marca\/politica-privacidad\/\",\"name\":\"Pol\u00edtica de Privacidad - Zapatos de marca Gallery Carrile\",\"isPartOf\":{\"@id\":\"https:\/\/www.gallerycarrile.es\/blog-zapatos-marca\/#website\"},\"datePublished\":\"2016-07-26T16:42:42+00:00\",\"dateModified\":\"2016-07-26T16:42:42+00:00\",\"breadcrumb\":{\"@id\":\"https:\/\/www.gallerycarrile.es\/blog-zapatos-marca\/politica-privacidad\/#breadcrumb\"},\"inLanguage\":\"es\",\"potentialAction\":[{\"@type\":\"ReadAction\",\"target\":[\"https:\/\/www.gallerycarrile.es\/blog-zapatos-marca\/politica-privacidad\/\"]}]},{\"@type\":\"BreadcrumbList\",\"@id\":\"https:\/\/www.gallerycarrile.es\/blog-zapatos-marca\/politica-privacidad\/#breadcrumb\",\"itemListElement\":[{\"@type\":\"ListItem\",\"position\":1,\"name\":\"Portada\",\"item\":\"https:\/\/www.gallerycarrile.es\/blog-zapatos-marca\/\"},{\"@type\":\"ListItem\",\"position\":2,\"name\":\"Pol\u00edtica de Privacidad\"}]},{\"@type\":\"WebSite\",\"@id\":\"https:\/\/www.gallerycarrile.es\/blog-zapatos-marca\/#website\",\"url\":\"https:\/\/www.gallerycarrile.es\/blog-zapatos-marca\/\",\"name\":\"Zapatos de marca Gallery Carrile\",\"description\":\"Zapatos de marca, Gallery Carrile es un zapater\u00eda online especializada en calzado de marca y de calidad para una mayor comodidad en los pies.\",\"publisher\":{\"@id\":\"https:\/\/www.gallerycarrile.es\/blog-zapatos-marca\/#organization\"},\"potentialAction\":[{\"@type\":\"SearchAction\",\"target\":{\"@type\":\"EntryPoint\",\"urlTemplate\":\"https:\/\/www.gallerycarrile.es\/blog-zapatos-marca\/?s={search_term_string}\"},\"query-input\":\"required name=search_term_string\"}],\"inLanguage\":\"es\"},{\"@type\":\"Organization\",\"@id\":\"https:\/\/www.gallerycarrile.es\/blog-zapatos-marca\/#organization\",\"name\":\"Gallery Carrile\",\"url\":\"https:\/\/www.gallerycarrile.es\/blog-zapatos-marca\/\",\"logo\":{\"@type\":\"ImageObject\",\"inLanguage\":\"es\",\"@id\":\"https:\/\/www.gallerycarrile.es\/blog-zapatos-marca\/#\/schema\/logo\/image\/\",\"url\":\"https:\/\/www.gallerycarrile.es\/blog-zapatos-marca\/wp-content\/uploads\/apple_touch_icon.png\",\"contentUrl\":\"https:\/\/www.gallerycarrile.es\/blog-zapatos-marca\/wp-content\/uploads\/apple_touch_icon.png\",\"width\":114,\"height\":114,\"caption\":\"Gallery Carrile\"},\"image\":{\"@id\":\"https:\/\/www.gallerycarrile.es\/blog-zapatos-marca\/#\/schema\/logo\/image\/\"}}]}<\/script>\n<!-- \/ Yoast SEO plugin. -->","yoast_head_json":{"title":"Pol\u00edtica de Privacidad - Zapatos de marca Gallery Carrile","robots":{"index":"index","follow":"follow","max-snippet":"max-snippet:-1","max-image-preview":"max-image-preview:large","max-video-preview":"max-video-preview:-1"},"canonical":"https:\/\/www.gallerycarrile.es\/blog-zapatos-marca\/politica-privacidad\/","og_locale":"es_ES","og_type":"article","og_title":"Pol\u00edtica de Privacidad - Zapatos de marca Gallery Carrile","og_description":"En cumplimiento de lo establecido en la Ley Org\u00e1nica 15\/1999, de 13 de diciembre, de Protecci\u00f3n de Datos de Car\u00e1cter Personal, Vernice Argento S.L. y empresas del grupo, informa a sus clientes de que cuantos datos personales le faciliten ser\u00e1n incluidos en un fichero automatizado de datos de car\u00e1cter personal, creado y mantenido bajo la [&hellip;]","og_url":"https:\/\/www.gallerycarrile.es\/blog-zapatos-marca\/politica-privacidad\/","og_site_name":"Zapatos de marca Gallery Carrile","twitter_card":"summary_large_image","twitter_misc":{"Tiempo de lectura":"2 minutos"},"schema":{"@context":"https:\/\/schema.org","@graph":[{"@type":"WebPage","@id":"https:\/\/www.gallerycarrile.es\/blog-zapatos-marca\/politica-privacidad\/","url":"https:\/\/www.gallerycarrile.es\/blog-zapatos-marca\/politica-privacidad\/","name":"Pol\u00edtica de Privacidad - Zapatos de marca Gallery Carrile","isPartOf":{"@id":"https:\/\/www.gallerycarrile.es\/blog-zapatos-marca\/#website"},"datePublished":"2016-07-26T16:42:42+00:00","dateModified":"2016-07-26T16:42:42+00:00","breadcrumb":{"@id":"https:\/\/www.gallerycarrile.es\/blog-zapatos-marca\/politica-privacidad\/#breadcrumb"},"inLanguage":"es","potentialAction":[{"@type":"ReadAction","target":["https:\/\/www.gallerycarrile.es\/blog-zapatos-marca\/politica-privacidad\/"]}]},{"@type":"BreadcrumbList","@id":"https:\/\/www.gallerycarrile.es\/blog-zapatos-marca\/politica-privacidad\/#breadcrumb","itemListElement":[{"@type":"ListItem","position":1,"name":"Portada","item":"https:\/\/www.gallerycarrile.es\/blog-zapatos-marca\/"},{"@type":"ListItem","position":2,"name":"Pol\u00edtica de Privacidad"}]},{"@type":"WebSite","@id":"https:\/\/www.gallerycarrile.es\/blog-zapatos-marca\/#website","url":"https:\/\/www.gallerycarrile.es\/blog-zapatos-marca\/","name":"Zapatos de marca Gallery Carrile","description":"Zapatos de marca, Gallery Carrile es un zapater\u00eda online especializada en calzado de marca y de calidad para una mayor comodidad en los pies.","publisher":{"@id":"https:\/\/www.gallerycarrile.es\/blog-zapatos-marca\/#organization"},"potentialAction":[{"@type":"SearchAction","target":{"@type":"EntryPoint","urlTemplate":"https:\/\/www.gallerycarrile.es\/blog-zapatos-marca\/?s={search_term_string}"},"query-input":"required name=search_term_string"}],"inLanguage":"es"},{"@type":"Organization","@id":"https:\/\/www.gallerycarrile.es\/blog-zapatos-marca\/#organization","name":"Gallery Carrile","url":"https:\/\/www.gallerycarrile.es\/blog-zapatos-marca\/","logo":{"@type":"ImageObject","inLanguage":"es","@id":"https:\/\/www.gallerycarrile.es\/blog-zapatos-marca\/#\/schema\/logo\/image\/","url":"https:\/\/www.gallerycarrile.es\/blog-zapatos-marca\/wp-content\/uploads\/apple_touch_icon.png","contentUrl":"https:\/\/www.gallerycarrile.es\/blog-zapatos-marca\/wp-content\/uploads\/apple_touch_icon.png","width":114,"height":114,"caption":"Gallery Carrile"},"image":{"@id":"https:\/\/www.gallerycarrile.es\/blog-zapatos-marca\/#\/schema\/logo\/image\/"}}]}},"_links":{"self":[{"href":"https:\/\/www.gallerycarrile.es\/blog-zapatos-marca\/wp-json\/wp\/v2\/pages\/5101"}],"collection":[{"href":"https:\/\/www.gallerycarrile.es\/blog-zapatos-marca\/wp-json\/wp\/v2\/pages"}],"about":[{"href":"https:\/\/www.gallerycarrile.es\/blog-zapatos-marca\/wp-json\/wp\/v2\/types\/page"}],"author":[{"embeddable":true,"href":"https:\/\/www.gallerycarrile.es\/blog-zapatos-marca\/wp-json\/wp\/v2\/users\/4"}],"replies":[{"embeddable":true,"href":"https:\/\/www.gallerycarrile.es\/blog-zapatos-marca\/wp-json\/wp\/v2\/comments?post=5101"}],"version-history":[{"count":1,"href":"https:\/\/www.gallerycarrile.es\/blog-zapatos-marca\/wp-json\/wp\/v2\/pages\/5101\/revisions"}],"predecessor-version":[{"id":5102,"href":"https:\/\/www.gallerycarrile.es\/blog-zapatos-marca\/wp-json\/wp\/v2\/pages\/5101\/revisions\/5102"}],"wp:attachment":[{"href":"https:\/\/www.gallerycarrile.es\/blog-zapatos-marca\/wp-json\/wp\/v2\/media?parent=5101"}],"curies":[{"name":"wp","href":"https:\/\/api.w.org\/{rel}","templated":true}]}}