{"id":3069,"date":"2015-08-24T17:41:23","date_gmt":"2015-08-24T17:41:23","guid":{"rendered":"https:\/\/www.gallerycarrile.es\/blog-zapatos-marca\/?page_id=3069"},"modified":"2025-10-28T10:04:24","modified_gmt":"2025-10-28T10:04:24","slug":"localizacion","status":"publish","type":"page","link":"https:\/\/www.gallerycarrile.es\/blog-zapatos-marca\/localizacion\/","title":{"rendered":"Localizaci\u00f3n y Contacto"},"content":{"rendered":"<ul>\n \t<li>Direcci\u00f3n: Jos\u00e9 Mar\u00eda Lacarra de Miguel, 3 50008 Zaragoza<\/li>\n \t<li>Tel\u00e9fono: 976 23 50 91<\/li>\n \t<li>Email: info@gallerycarrile.es<\/li>\n<\/ul>\n<h3>Mapa<\/h3>\n<iframe loading=\"lazy\" style=\"border: 0;\" src=\"https:\/\/www.google.com\/maps\/embed?pb=!1m18!1m12!1m3!1d466.7796100584566!2d-0.8828822163139262!3d41.64682466623274!2m3!1f0!2f0!3f0!3m2!1i1024!2i768!4f13.1!3m3!1m2!1s0xd5914eedeffc757%3A0xf695959c0dabf2a8!2sGALLERY%20CARRIL%C3%89!5e0!3m2!1ses!2ses!4v1620377118162!5m2!1ses!2ses\" width=\"600\" height=\"450\" allowfullscreen=\"allowfullscreen\"><\/iframe>\n<h3>Formulario de Contacto<\/h3>\n<blockquote><div role=\"form\" class=\"wpcf7\" id=\"wpcf7-f1768-o1\" lang=\"es-ES\" dir=\"ltr\">\n<div class=\"screen-reader-response\" aria-live=\"polite\"><\/div>\n<form action=\"\/blog-zapatos-marca\/wp-json\/wp\/v2\/pages\/3069#wpcf7-f1768-o1\" method=\"post\" class=\"wpcf7-form\" novalidate=\"novalidate\">\n<div style=\"display: none;\">\n<input type=\"hidden\" name=\"_wpcf7\" value=\"1768\" \/>\n<input type=\"hidden\" name=\"_wpcf7_version\" value=\"5.1.9\" \/>\n<input type=\"hidden\" name=\"_wpcf7_locale\" value=\"es_ES\" \/>\n<input type=\"hidden\" name=\"_wpcf7_unit_tag\" value=\"wpcf7-f1768-o1\" \/>\n<input type=\"hidden\" name=\"_wpcf7_container_post\" value=\"0\" \/>\n<\/div>\n<p>Tu nombre (obligatorio)<br \/>\n   <span class=\"wpcf7-form-control-wrap your-name\"><input type=\"text\" name=\"your-name\" value=\"\" size=\"40\" class=\"wpcf7-form-control wpcf7-text wpcf7-validates-as-required\" aria-required=\"true\" aria-invalid=\"false\" placeholder=\"Nombre:\" \/><\/span> <\/p>\n<p>Tu email (obligatorio)<br \/>\n    <span class=\"wpcf7-form-control-wrap your-email\"><input type=\"email\" name=\"your-email\" value=\"\" size=\"40\" class=\"wpcf7-form-control wpcf7-text wpcf7-email wpcf7-validates-as-required wpcf7-validates-as-email\" aria-required=\"true\" aria-invalid=\"false\" placeholder=\"E-mail:\" \/><\/span> <\/p>\n<p>Asunto<br \/>\n    <span class=\"wpcf7-form-control-wrap your-subject\"><input type=\"text\" name=\"your-subject\" value=\"\" size=\"40\" class=\"wpcf7-form-control wpcf7-text wpcf7-validates-as-required\" aria-required=\"true\" aria-invalid=\"false\" placeholder=\"Asunto:\" \/><\/span> <\/p>\n<p>Tu mensaje<br \/>\n    <span class=\"wpcf7-form-control-wrap your-message\"><textarea name=\"your-message\" cols=\"40\" rows=\"10\" class=\"wpcf7-form-control wpcf7-textarea wpcf7-validates-as-required\" aria-required=\"true\" aria-invalid=\"false\" placeholder=\"Mensaje:\"><\/textarea><\/span> <\/p>\n<p>\nIntroduce el c\u00f3digo: <input type=\"hidden\" name=\"_wpcf7_captcha_challenge_captcha-276\" value=\"3261666261\" \/><img class=\"wpcf7-form-control wpcf7-captchac wpcf7-captcha-captcha-276\" width=\"72\" height=\"24\" alt=\"captcha\" src=\"https:\/\/www.gallerycarrile.es\/blog-zapatos-marca\/wp-content\/uploads\/wpcf7_captcha\/3261666261.png\" \/><span class=\"wpcf7-form-control-wrap captcha-276\"><input type=\"text\" name=\"captcha-276\" value=\"\" size=\"4\" maxlength=\"4\" class=\"wpcf7-form-control wpcf7-captchar\" autocomplete=\"off\" aria-invalid=\"false\" \/><\/span>\n<\/p>\n<p><input type=\"submit\" value=\"Enviar\" class=\"wpcf7-form-control wpcf7-submit btn btn-primary\" \/><\/p>\n<p style=\"display: none !important;\"><label>&#916;<textarea name=\"_wpcf7_ak_hp_textarea\" cols=\"45\" rows=\"8\" maxlength=\"100\"><\/textarea><\/label><input type=\"hidden\" id=\"ak_js_1\" name=\"_wpcf7_ak_js\" value=\"68\"\/><script>document.getElementById( \"ak_js_1\" ).setAttribute( \"value\", ( new Date() ).getTime() );<\/script><\/p><div class=\"wpcf7-response-output wpcf7-display-none\" aria-hidden=\"true\"><\/div><\/form><\/div><\/blockquote>\n<h3>\u00bfQuieres hacer un tour virtual?<\/h3>\n<iframe loading=\"lazy\" style=\"border: 0;\" src=\"https:\/\/www.google.com\/maps\/embed?pb=!4v1620376983978!6m8!1m7!1s1A0TsSgAOr46xhLm9Vrq8Q!2m2!1d41.6468685478342!2d-0.882687404080995!3f231.3104769776197!4f4.202601724739338!5f0.7820865974627469\" width=\"600\" height=\"450\" allowfullscreen=\"allowfullscreen\"><\/iframe>","protected":false},"excerpt":{"rendered":"<p>Direcci\u00f3n: Jos\u00e9 Mar\u00eda Lacarra de Miguel, 3 50008 Zaragoza Tel\u00e9fono: 976 23 50 91 Email: info@gallerycarrile.es Mapa Formulario de Contacto \u00bfQuieres hacer un tour virtual?<\/p>\n","protected":false},"author":1,"featured_media":0,"parent":0,"menu_order":0,"comment_status":"closed","ping_status":"closed","template":"","meta":{"footnotes":""},"yoast_head":"<!-- This site is optimized with the Yoast SEO plugin v21.4 - https:\/\/yoast.com\/wordpress\/plugins\/seo\/ -->\n<title>Localizaci\u00f3n y Contacto - Zapatos de marca Gallery Carrile<\/title>\n<meta name=\"robots\" content=\"index, follow, max-snippet:-1, max-image-preview:large, max-video-preview:-1\" \/>\n<link rel=\"canonical\" href=\"https:\/\/www.gallerycarrile.es\/blog-zapatos-marca\/localizacion\/\" \/>\n<meta property=\"og:locale\" content=\"es_ES\" \/>\n<meta property=\"og:type\" content=\"article\" \/>\n<meta property=\"og:title\" content=\"Localizaci\u00f3n y Contacto - Zapatos de marca Gallery Carrile\" \/>\n<meta property=\"og:description\" content=\"Direcci\u00f3n: Jos\u00e9 Mar\u00eda Lacarra de Miguel, 3 50008 Zaragoza Tel\u00e9fono: 976 23 50 91 Email: info@gallerycarrile.es Mapa Formulario de Contacto \u00bfQuieres hacer un tour virtual?\" \/>\n<meta property=\"og:url\" content=\"https:\/\/www.gallerycarrile.es\/blog-zapatos-marca\/localizacion\/\" \/>\n<meta property=\"og:site_name\" content=\"Zapatos de marca Gallery Carrile\" \/>\n<meta property=\"article:modified_time\" content=\"2025-10-28T10:04:24+00:00\" \/>\n<meta name=\"twitter:card\" content=\"summary_large_image\" \/>\n<meta name=\"twitter:label1\" content=\"Tiempo de lectura\" \/>\n\t<meta name=\"twitter:data1\" content=\"1 minuto\" \/>\n<script type=\"application\/ld+json\" class=\"yoast-schema-graph\">{\"@context\":\"https:\/\/schema.org\",\"@graph\":[{\"@type\":\"WebPage\",\"@id\":\"https:\/\/www.gallerycarrile.es\/blog-zapatos-marca\/localizacion\/\",\"url\":\"https:\/\/www.gallerycarrile.es\/blog-zapatos-marca\/localizacion\/\",\"name\":\"Localizaci\u00f3n y Contacto - Zapatos de marca Gallery Carrile\",\"isPartOf\":{\"@id\":\"https:\/\/www.gallerycarrile.es\/blog-zapatos-marca\/#website\"},\"datePublished\":\"2015-08-24T17:41:23+00:00\",\"dateModified\":\"2025-10-28T10:04:24+00:00\",\"breadcrumb\":{\"@id\":\"https:\/\/www.gallerycarrile.es\/blog-zapatos-marca\/localizacion\/#breadcrumb\"},\"inLanguage\":\"es\",\"potentialAction\":[{\"@type\":\"ReadAction\",\"target\":[\"https:\/\/www.gallerycarrile.es\/blog-zapatos-marca\/localizacion\/\"]}]},{\"@type\":\"BreadcrumbList\",\"@id\":\"https:\/\/www.gallerycarrile.es\/blog-zapatos-marca\/localizacion\/#breadcrumb\",\"itemListElement\":[{\"@type\":\"ListItem\",\"position\":1,\"name\":\"Portada\",\"item\":\"https:\/\/www.gallerycarrile.es\/blog-zapatos-marca\/\"},{\"@type\":\"ListItem\",\"position\":2,\"name\":\"Localizaci\u00f3n y Contacto\"}]},{\"@type\":\"WebSite\",\"@id\":\"https:\/\/www.gallerycarrile.es\/blog-zapatos-marca\/#website\",\"url\":\"https:\/\/www.gallerycarrile.es\/blog-zapatos-marca\/\",\"name\":\"Zapatos de marca Gallery Carrile\",\"description\":\"Zapatos de marca, Gallery Carrile es un zapater\u00eda online especializada en calzado de marca y de calidad para una mayor comodidad en los pies.\",\"publisher\":{\"@id\":\"https:\/\/www.gallerycarrile.es\/blog-zapatos-marca\/#organization\"},\"potentialAction\":[{\"@type\":\"SearchAction\",\"target\":{\"@type\":\"EntryPoint\",\"urlTemplate\":\"https:\/\/www.gallerycarrile.es\/blog-zapatos-marca\/?s={search_term_string}\"},\"query-input\":\"required name=search_term_string\"}],\"inLanguage\":\"es\"},{\"@type\":\"Organization\",\"@id\":\"https:\/\/www.gallerycarrile.es\/blog-zapatos-marca\/#organization\",\"name\":\"Gallery Carrile\",\"url\":\"https:\/\/www.gallerycarrile.es\/blog-zapatos-marca\/\",\"logo\":{\"@type\":\"ImageObject\",\"inLanguage\":\"es\",\"@id\":\"https:\/\/www.gallerycarrile.es\/blog-zapatos-marca\/#\/schema\/logo\/image\/\",\"url\":\"https:\/\/www.gallerycarrile.es\/blog-zapatos-marca\/wp-content\/uploads\/apple_touch_icon.png\",\"contentUrl\":\"https:\/\/www.gallerycarrile.es\/blog-zapatos-marca\/wp-content\/uploads\/apple_touch_icon.png\",\"width\":114,\"height\":114,\"caption\":\"Gallery Carrile\"},\"image\":{\"@id\":\"https:\/\/www.gallerycarrile.es\/blog-zapatos-marca\/#\/schema\/logo\/image\/\"}}]}<\/script>\n<!-- \/ Yoast SEO plugin. -->","yoast_head_json":{"title":"Localizaci\u00f3n y Contacto - Zapatos de marca Gallery Carrile","robots":{"index":"index","follow":"follow","max-snippet":"max-snippet:-1","max-image-preview":"max-image-preview:large","max-video-preview":"max-video-preview:-1"},"canonical":"https:\/\/www.gallerycarrile.es\/blog-zapatos-marca\/localizacion\/","og_locale":"es_ES","og_type":"article","og_title":"Localizaci\u00f3n y Contacto - Zapatos de marca Gallery Carrile","og_description":"Direcci\u00f3n: Jos\u00e9 Mar\u00eda Lacarra de Miguel, 3 50008 Zaragoza Tel\u00e9fono: 976 23 50 91 Email: info@gallerycarrile.es Mapa Formulario de Contacto \u00bfQuieres hacer un tour virtual?","og_url":"https:\/\/www.gallerycarrile.es\/blog-zapatos-marca\/localizacion\/","og_site_name":"Zapatos de marca Gallery Carrile","article_modified_time":"2025-10-28T10:04:24+00:00","twitter_card":"summary_large_image","twitter_misc":{"Tiempo de lectura":"1 minuto"},"schema":{"@context":"https:\/\/schema.org","@graph":[{"@type":"WebPage","@id":"https:\/\/www.gallerycarrile.es\/blog-zapatos-marca\/localizacion\/","url":"https:\/\/www.gallerycarrile.es\/blog-zapatos-marca\/localizacion\/","name":"Localizaci\u00f3n y Contacto - Zapatos de marca Gallery Carrile","isPartOf":{"@id":"https:\/\/www.gallerycarrile.es\/blog-zapatos-marca\/#website"},"datePublished":"2015-08-24T17:41:23+00:00","dateModified":"2025-10-28T10:04:24+00:00","breadcrumb":{"@id":"https:\/\/www.gallerycarrile.es\/blog-zapatos-marca\/localizacion\/#breadcrumb"},"inLanguage":"es","potentialAction":[{"@type":"ReadAction","target":["https:\/\/www.gallerycarrile.es\/blog-zapatos-marca\/localizacion\/"]}]},{"@type":"BreadcrumbList","@id":"https:\/\/www.gallerycarrile.es\/blog-zapatos-marca\/localizacion\/#breadcrumb","itemListElement":[{"@type":"ListItem","position":1,"name":"Portada","item":"https:\/\/www.gallerycarrile.es\/blog-zapatos-marca\/"},{"@type":"ListItem","position":2,"name":"Localizaci\u00f3n y Contacto"}]},{"@type":"WebSite","@id":"https:\/\/www.gallerycarrile.es\/blog-zapatos-marca\/#website","url":"https:\/\/www.gallerycarrile.es\/blog-zapatos-marca\/","name":"Zapatos de marca Gallery Carrile","description":"Zapatos de marca, Gallery Carrile es un zapater\u00eda online especializada en calzado de marca y de calidad para una mayor comodidad en los pies.","publisher":{"@id":"https:\/\/www.gallerycarrile.es\/blog-zapatos-marca\/#organization"},"potentialAction":[{"@type":"SearchAction","target":{"@type":"EntryPoint","urlTemplate":"https:\/\/www.gallerycarrile.es\/blog-zapatos-marca\/?s={search_term_string}"},"query-input":"required name=search_term_string"}],"inLanguage":"es"},{"@type":"Organization","@id":"https:\/\/www.gallerycarrile.es\/blog-zapatos-marca\/#organization","name":"Gallery Carrile","url":"https:\/\/www.gallerycarrile.es\/blog-zapatos-marca\/","logo":{"@type":"ImageObject","inLanguage":"es","@id":"https:\/\/www.gallerycarrile.es\/blog-zapatos-marca\/#\/schema\/logo\/image\/","url":"https:\/\/www.gallerycarrile.es\/blog-zapatos-marca\/wp-content\/uploads\/apple_touch_icon.png","contentUrl":"https:\/\/www.gallerycarrile.es\/blog-zapatos-marca\/wp-content\/uploads\/apple_touch_icon.png","width":114,"height":114,"caption":"Gallery Carrile"},"image":{"@id":"https:\/\/www.gallerycarrile.es\/blog-zapatos-marca\/#\/schema\/logo\/image\/"}}]}},"_links":{"self":[{"href":"https:\/\/www.gallerycarrile.es\/blog-zapatos-marca\/wp-json\/wp\/v2\/pages\/3069"}],"collection":[{"href":"https:\/\/www.gallerycarrile.es\/blog-zapatos-marca\/wp-json\/wp\/v2\/pages"}],"about":[{"href":"https:\/\/www.gallerycarrile.es\/blog-zapatos-marca\/wp-json\/wp\/v2\/types\/page"}],"author":[{"embeddable":true,"href":"https:\/\/www.gallerycarrile.es\/blog-zapatos-marca\/wp-json\/wp\/v2\/users\/1"}],"replies":[{"embeddable":true,"href":"https:\/\/www.gallerycarrile.es\/blog-zapatos-marca\/wp-json\/wp\/v2\/comments?post=3069"}],"version-history":[{"count":13,"href":"https:\/\/www.gallerycarrile.es\/blog-zapatos-marca\/wp-json\/wp\/v2\/pages\/3069\/revisions"}],"predecessor-version":[{"id":7501,"href":"https:\/\/www.gallerycarrile.es\/blog-zapatos-marca\/wp-json\/wp\/v2\/pages\/3069\/revisions\/7501"}],"wp:attachment":[{"href":"https:\/\/www.gallerycarrile.es\/blog-zapatos-marca\/wp-json\/wp\/v2\/media?parent=3069"}],"curies":[{"name":"wp","href":"https:\/\/api.w.org\/{rel}","templated":true}]}}